{"id":3,"date":"2025-06-29T16:48:34","date_gmt":"2025-06-29T14:48:34","guid":{"rendered":"http:\/\/serwer2342836.home.pl\/autoinstalator\/wordpress3\/?page_id=3"},"modified":"2025-07-23T15:05:34","modified_gmt":"2025-07-23T13:05:34","slug":"polityka-prywatnosci","status":"publish","type":"page","link":"https:\/\/irisk.pl\/index.php\/polityka-prywatnosci\/","title":{"rendered":"Polityka prywatno\u015bci"},"content":{"rendered":"\t\t<div data-elementor-type=\"wp-page\" data-elementor-id=\"3\" class=\"elementor elementor-3\" data-elementor-post-type=\"page\">\n\t\t\t\t<div class=\"elementor-element elementor-element-1af30563 e-flex e-con-boxed e-con e-parent\" data-id=\"1af30563\" data-element_type=\"container\">\n\t\t\t\t\t<div class=\"e-con-inner\">\n\t\t\t\t<div class=\"elementor-element elementor-element-219fce7e elementor-widget elementor-widget-text-editor\" data-id=\"219fce7e\" data-element_type=\"widget\" data-widget_type=\"text-editor.default\">\n\t\t\t\t<div class=\"elementor-widget-container\">\n\t\t\t\t\t\t\t\t\t<p>Niniejsza polityka prywatno\u015bci okre\u015bla zasady przetwarzania danych osobowych przez firm\u0119 <strong data-start=\"300\" data-end=\"349\">IRISK SP\u00d3\u0141KA Z OGRANICZON\u0104 ODPOWIEDZIALNO\u015aCI\u0104<\/strong>, z siedzib\u0105 przy ul. Traugutta 1, 48-200 Prudnik, Polska, wpisan\u0105 do Krajowego Rejestru S\u0105dowego pod numerem <strong data-start=\"459\" data-end=\"478\">KRS: 0001058135<\/strong>, NIP: <strong data-start=\"485\" data-end=\"499\">7551941883<\/strong>, REGON: <strong data-start=\"508\" data-end=\"521\">526383471<\/strong>.<\/p><p data-start=\"524\" data-end=\"560\">1. Administrator danych osobowych<\/p><p>Administratorem danych osobowych u\u017cytkownik\u00f3w strony internetowej jest:<br \/><strong data-start=\"633\" data-end=\"653\">IRISK SP. Z O.O.<\/strong><br data-start=\"653\" data-end=\"656\" \/>ul. Traugutta 1, 48-200 Prudnik<br data-start=\"687\" data-end=\"690\" \/>e-mail: marek.radon@iriskltd.eu<br \/>tel. +48 539 115 779<\/p><p data-start=\"756\" data-end=\"781\">2. Jakie dane zbieramy<\/p><p>Mo\u017cemy przetwarza\u0107 nast\u0119puj\u0105ce dane u\u017cytkownik\u00f3w:<\/p><ul data-start=\"832\" data-end=\"954\"><li data-start=\"832\" data-end=\"850\"><p>imi\u0119,<\/p><\/li><li data-start=\"851\" data-end=\"866\"><p>adres e-mail,<\/p><\/li><li data-start=\"867\" data-end=\"884\"><p>numer telefonu,<\/p><\/li><li data-start=\"885\" data-end=\"896\"><p>adres IP,<\/p><\/li><li data-start=\"897\" data-end=\"954\"><p>dane przekazane dobrowolnie przez formularz kontaktowy.<\/p><\/li><\/ul><p data-start=\"956\" data-end=\"987\">3. Cele przetwarzania danych<\/p><p>Dane osobowe przetwarzane s\u0105 wy\u0142\u0105cznie w celu:<\/p><ul data-start=\"1035\" data-end=\"1240\"><li data-start=\"1035\" data-end=\"1092\"><p>obs\u0142ugi zapyta\u0144 przes\u0142anych przez formularz kontaktowy,<\/p><\/li><li data-start=\"1093\" data-end=\"1131\"><p>kontaktu zwrotnego w sprawie oferty,<\/p><\/li><li data-start=\"1132\" data-end=\"1192\"><p>zapewnienia prawid\u0142owego dzia\u0142ania strony (pliki cookies),<\/p><\/li><li data-start=\"1193\" data-end=\"1240\"><p>prowadzenia statystyk (np. Google Analytics).<\/p><\/li><\/ul><p data-start=\"1242\" data-end=\"1277\">4. Podstawa prawna przetwarzania<\/p><p>Dane przetwarzane s\u0105 na podstawie:<\/p><ul data-start=\"1313\" data-end=\"1459\"><li data-start=\"1313\" data-end=\"1361\"><p>zgody u\u017cytkownika (art. 6 ust. 1 lit. a RODO),<\/p><\/li><li data-start=\"1362\" data-end=\"1459\"><p>uzasadnionego interesu administratora (art. 6 ust. 1 lit. f RODO) \u2013 np. odpowied\u017a na zapytanie.<\/p><\/li><\/ul><p data-start=\"1461\" data-end=\"1493\">5. Czas przechowywania danych<\/p><p>Dane przechowujemy przez okres niezb\u0119dny do realizacji celu, w jakim zosta\u0142y zebrane, lub do czasu wycofania zgody.<\/p><p data-start=\"1611\" data-end=\"1634\">6. Prawa u\u017cytkownika<\/p><p>Ka\u017cda osoba, kt\u00f3rej dane dotycz\u0105, ma prawo do:<\/p><ul data-start=\"1682\" data-end=\"1875\"><li data-start=\"1682\" data-end=\"1702\"><p>dost\u0119pu do danych,<\/p><\/li><li data-start=\"1703\" data-end=\"1725\"><p>sprostowania danych,<\/p><\/li><li data-start=\"1726\" data-end=\"1745\"><p>usuni\u0119cia danych,<\/p><\/li><li data-start=\"1746\" data-end=\"1775\"><p>ograniczenia przetwarzania,<\/p><\/li><li data-start=\"1776\" data-end=\"1799\"><p>wniesienia sprzeciwu,<\/p><\/li><li data-start=\"1800\" data-end=\"1838\"><p>wycofania zgody w dowolnym momencie,<\/p><\/li><li data-start=\"1839\" data-end=\"1875\"><p>wniesienia skargi do Prezesa UODO.<\/p><\/li><\/ul><p data-start=\"1877\" data-end=\"1903\">7. Przekazywanie danych<\/p><p>Dane nie s\u0105 przekazywane poza Europejski Obszar Gospodarczy. Dane mog\u0105 by\u0107 powierzane firmom hostingowym lub narz\u0119dziom analitycznym (np. Google).<\/p><p data-start=\"2052\" data-end=\"2071\">8. Pliki cookies<\/p><p>Strona mo\u017ce u\u017cywa\u0107 plik\u00f3w cookies w celu poprawnego dzia\u0142ania oraz analizy statystyk. Korzystanie ze strony oznacza zgod\u0119 na ich u\u017cycie, chyba \u017ce ustawienia przegl\u0105darki zostan\u0105 zmienione.<\/p><p data-start=\"2262\" data-end=\"2295\">9. Zmiany polityki prywatno\u015bci<\/p><p>Zastrzegamy sobie prawo do wprowadzania zmian w niniejszej polityce. Aktualna wersja zawsze znajduje si\u0119 na tej stronie.<\/p><p>\u00a0<\/p>\t\t\t\t\t\t\t\t<\/div>\n\t\t\t\t<\/div>\n\t\t\t\t\t<\/div>\n\t\t\t\t<\/div>\n\t\t\t\t<\/div>\n\t\t","protected":false},"excerpt":{"rendered":"<p>Niniejsza polityka prywatno\u015bci okre\u015bla zasady przetwarzania danych osobowych przez firm\u0119 IRISK SP\u00d3\u0141KA Z OGRANICZON\u0104 ODPOWIEDZIALNO\u015aCI\u0104, z siedzib\u0105 przy ul. Traugutta 1, 48-200 Prudnik, Polska, wpisan\u0105 do Krajowego Rejestru S\u0105dowego pod numerem KRS: 0001058135, NIP: 7551941883, REGON: 526383471. 1. Administrator danych osobowych Administratorem danych osobowych u\u017cytkownik\u00f3w strony internetowej jest:IRISK SP. Z O.O.ul. Traugutta 1, 48-200 Prudnike-mail:&hellip;<\/p>\n","protected":false},"author":1,"featured_media":0,"parent":0,"menu_order":0,"comment_status":"closed","ping_status":"open","template":"","meta":{"footnotes":""},"class_list":["post-3","page","type-page","status-publish","hentry"],"_links":{"self":[{"href":"https:\/\/irisk.pl\/index.php\/wp-json\/wp\/v2\/pages\/3","targetHints":{"allow":["GET"]}}],"collection":[{"href":"https:\/\/irisk.pl\/index.php\/wp-json\/wp\/v2\/pages"}],"about":[{"href":"https:\/\/irisk.pl\/index.php\/wp-json\/wp\/v2\/types\/page"}],"author":[{"embeddable":true,"href":"https:\/\/irisk.pl\/index.php\/wp-json\/wp\/v2\/users\/1"}],"replies":[{"embeddable":true,"href":"https:\/\/irisk.pl\/index.php\/wp-json\/wp\/v2\/comments?post=3"}],"version-history":[{"count":9,"href":"https:\/\/irisk.pl\/index.php\/wp-json\/wp\/v2\/pages\/3\/revisions"}],"predecessor-version":[{"id":6281,"href":"https:\/\/irisk.pl\/index.php\/wp-json\/wp\/v2\/pages\/3\/revisions\/6281"}],"wp:attachment":[{"href":"https:\/\/irisk.pl\/index.php\/wp-json\/wp\/v2\/media?parent=3"}],"curies":[{"name":"wp","href":"https:\/\/api.w.org\/{rel}","templated":true}]}}